{"id":1289,"date":"2014-11-18T18:13:45","date_gmt":"2014-11-18T17:13:45","guid":{"rendered":"http:\/\/otopraca.lh.pl\/zborowski\/?page_id=1289"},"modified":"2023-03-09T08:32:58","modified_gmt":"2023-03-09T07:32:58","slug":"contact","status":"publish","type":"page","link":"https:\/\/zborowski-wafle.pl\/en\/contact\/","title":{"rendered":"Contact"},"content":{"rendered":"<table style=\"width: 100%; border-collapse: collapse;\" border=\"0\">\n<tbody>\n<tr>\n<td style=\"width: 50%;\"><strong>ZBOROWSKI-WAFLE<\/strong><br \/>\n65-785 Zielona G\u00f3ra<br \/>\nPoland<br \/>\n35 Osadnicza Street<br \/>\nt +48 68 329 01 60<br \/>\nf +48 68 329 01 64<br \/>\nm +48 515 554 527<br \/>\ne-mail: <a href=\"mailto:kontakt@zborowski-wafle.pl\">kontakt@zborowski-wafle.pl<\/a><\/p>\n<p><iframe loading=\"lazy\" src=\"https:\/\/maps.google.pl\/maps?f=q&amp;source=s_q&amp;hl=pl&amp;geocode=&amp;q=Osadnicza+35,+Zielona+G%C3%B3ra&amp;aq=0&amp;oq=Osadnicza+35,+&amp;sll=52.243548,15.475254&amp;sspn=1.402515,3.532104&amp;ie=UTF8&amp;hq=&amp;hnear=Osadnicza+35,+Zielona+G%C3%B3ra,+lubuskie&amp;ll=51.948712,15.48161&amp;spn=0.022059,0.055189&amp;t=m&amp;z=14&amp;output=embed\" width=\"330\" height=\"350\" frameborder=\"0\" marginwidth=\"0\" marginheight=\"0\" scrolling=\"no\"><\/iframe><\/td>\n<td style=\"width: 50%;\">\n<h1><strong>Contact form<\/strong><\/h1>\n<p>\n<div class=\"wpcf7 no-js\" id=\"wpcf7-f1356-o1\" lang=\"pl-PL\" dir=\"ltr\">\n<div class=\"screen-reader-response\"><p role=\"status\" aria-live=\"polite\" aria-atomic=\"true\"><\/p> <ul><\/ul><\/div>\n<form action=\"\/en\/wp-json\/wp\/v2\/pages\/1289#wpcf7-f1356-o1\" method=\"post\" class=\"wpcf7-form init\" aria-label=\"Formularz kontaktowy\" novalidate=\"novalidate\" data-status=\"init\">\n<div style=\"display: none;\">\n<input type=\"hidden\" name=\"_wpcf7\" value=\"1356\" \/>\n<input type=\"hidden\" name=\"_wpcf7_version\" value=\"5.9.6\" \/>\n<input type=\"hidden\" name=\"_wpcf7_locale\" value=\"pl_PL\" \/>\n<input type=\"hidden\" name=\"_wpcf7_unit_tag\" value=\"wpcf7-f1356-o1\" \/>\n<input type=\"hidden\" name=\"_wpcf7_container_post\" value=\"0\" \/>\n<input type=\"hidden\" name=\"_wpcf7_posted_data_hash\" value=\"\" \/>\n<input type=\"hidden\" name=\"_wpcf7_recaptcha_response\" value=\"\" \/>\n<\/div>\n<p>Name (required)\n<\/p>\n<p><span class=\"wpcf7-form-control-wrap\" data-name=\"your-name\"><input size=\"40\" maxlength=\"80\" class=\"wpcf7-form-control wpcf7-text wpcf7-validates-as-required\" aria-required=\"true\" aria-invalid=\"false\" value=\"\" type=\"text\" name=\"your-name\" \/><\/span>\n<\/p>\n<p>E-mail (required)\n<\/p>\n<p><span class=\"wpcf7-form-control-wrap\" data-name=\"your-email\"><input size=\"40\" maxlength=\"80\" class=\"wpcf7-form-control wpcf7-email wpcf7-validates-as-required wpcf7-text wpcf7-validates-as-email\" aria-required=\"true\" aria-invalid=\"false\" value=\"\" type=\"email\" name=\"your-email\" \/><\/span>\n<\/p>\n<p>Subject\n<\/p>\n<p><span class=\"wpcf7-form-control-wrap\" data-name=\"your-subject\"><input size=\"40\" maxlength=\"80\" class=\"wpcf7-form-control wpcf7-text\" aria-invalid=\"false\" value=\"\" type=\"text\" name=\"your-subject\" \/><\/span>\n<\/p>\n<p>Message\n<\/p>\n<p><span class=\"wpcf7-form-control-wrap\" data-name=\"your-message\"><textarea cols=\"40\" rows=\"10\" maxlength=\"400\" class=\"wpcf7-form-control wpcf7-textarea\" aria-invalid=\"false\" name=\"your-message\"><\/textarea><\/span>\n<\/p>\n<p><span class=\"wpcf7-form-control-wrap wpgdprc\"><span class=\"wpcf7-form-control wpcf7-wpgdprc wpcf7-validates-as-required\"><span class=\"wpcf7-list-item\"><input type=\"checkbox\" name=\"wpgdprc\" value=\"1\" aria-required=\"true\" aria-invalid=\"false\" \/><span class=\"wpcf7-list-item-label\">Korzystaj\u0105c z formularza, zgadzasz si\u0119 na przechowywanie i przetwarzanie twoich danych przez witryn\u0119.<\/span><\/span><\/span>    <\/span>\n<\/p>\n<p><input class=\"wpcf7-form-control wpcf7-submit has-spinner\" type=\"submit\" value=\"Send\" \/>\n<\/p><div class=\"wpcf7-response-output\" aria-hidden=\"true\"><\/div>\n<\/form>\n<\/div>\n<\/td>\n<\/tr>\n<\/tbody>\n<\/table>\n<p>&nbsp;<\/p>\n","protected":false},"excerpt":{"rendered":"<p>ZBOROWSKI-WAFLE 65-785 Zielona G\u00f3ra Poland 35 Osadnicza Street t +48 68 329 01 60 f +48 68 329 01 64 m +48 515 554 527 e-mail: kontakt@zborowski-wafle.pl Contact form &nbsp;<\/p>\n","protected":false},"author":1,"featured_media":0,"parent":0,"menu_order":0,"comment_status":"closed","ping_status":"closed","template":"","meta":{"footnotes":""},"_links":{"self":[{"href":"https:\/\/zborowski-wafle.pl\/en\/wp-json\/wp\/v2\/pages\/1289"}],"collection":[{"href":"https:\/\/zborowski-wafle.pl\/en\/wp-json\/wp\/v2\/pages"}],"about":[{"href":"https:\/\/zborowski-wafle.pl\/en\/wp-json\/wp\/v2\/types\/page"}],"author":[{"embeddable":true,"href":"https:\/\/zborowski-wafle.pl\/en\/wp-json\/wp\/v2\/users\/1"}],"replies":[{"embeddable":true,"href":"https:\/\/zborowski-wafle.pl\/en\/wp-json\/wp\/v2\/comments?post=1289"}],"version-history":[{"count":13,"href":"https:\/\/zborowski-wafle.pl\/en\/wp-json\/wp\/v2\/pages\/1289\/revisions"}],"predecessor-version":[{"id":2926,"href":"https:\/\/zborowski-wafle.pl\/en\/wp-json\/wp\/v2\/pages\/1289\/revisions\/2926"}],"wp:attachment":[{"href":"https:\/\/zborowski-wafle.pl\/en\/wp-json\/wp\/v2\/media?parent=1289"}],"curies":[{"name":"wp","href":"https:\/\/api.w.org\/{rel}","templated":true}]}}